{"id":148,"date":"2018-05-13T12:53:48","date_gmt":"2018-05-13T12:53:48","guid":{"rendered":"http:\/\/172.18.1.76\/?page_id=148"},"modified":"2024-07-10T13:19:00","modified_gmt":"2024-07-10T12:19:00","slug":"weiterdienstleitungen","status":"publish","type":"page","link":"https:\/\/www.weber-horbach.de\/?page_id=148","title":{"rendered":"weitere Dienstleistungen"},"content":{"rendered":"<ul>\n<li>Elektrotechnische Planung, Bestimmen von Querschnitten, Schaltanlagen, Verteilungen.<\/li>\n<li>Programmierung (Siemens, Beckhoff, Codesys, Visual-Studio,mit ProfiNet, Profibus, CAN, IoT, usw.)<\/li>\n<li>Elektroschaltpl\u00e4ne, erstellt mit ePlan8<\/li>\n<li>Verlegen und Installieren. Kabelrinnen, Kabelpritschen, Steigtrassen, Rohrsysteme, Kabelkan\u00e4le aller Art, Schleppkabelsysteme.<\/li>\n<li>Kabel-Querschnitte bis 500 qmm<\/li>\n<li>Niederspannungs- Verteilungen bis 4000A<\/li>\n<li>Datenleitungen, LWL-Systeme. Verlegen, Splei\u00dfen und Messen mit eigenen Ger\u00e4ten- Telekom-Zertifiziert.<\/li>\n<li>K\u00e4ltesysteme \u2013 Klimaanlagen (Zertifiziert und Zugelassen)<\/li>\n<li>Internationale Montageerfahrung. Fernwartungsoption f\u00fcr die meisten Anlagen &#8211; Weltweit.<\/li>\n<li>Hochsichere OpenVPN-Verbindung zu unserer Firewall (BSI-Zertifiziert) \u00fcber drei unabh\u00e4ngige Leitungen. (LTE\/DSL am Betriebs- Standort vorausgesetzt.)<\/li>\n<li>Pr\u00fcfungen nach VDE, DGUV, W\u00e4rmebildaufnahmen.<\/li>\n<li>Fluchtwegebeleuchtung<\/li>\n<li>Telefonanlagen, VoIP-Telefonie<\/li>\n<li>Sprechanlagen, sowohl f\u00fcr Haushalte und Industrieanlagen<\/li>\n<li>Beschallungstechnik, ELA-Anlagen<\/li>\n<li>Video\u00fcberwachung (u.a. spezielle Kapselung f\u00fcr Mischer Kamera f\u00fcr )<\/li>\n<li>Notstromgeneratoren und Systeme zur Lastspitzenreduktion (1,1 MW Referenz), Peak Shaving durch Laststeuerung<\/li>\n<li>Baustromverteiler zur Miete, inkl. Pr\u00fcfungen<\/li>\n<li>Energiespeichersysteme f\u00fcr Solaranlagen<\/li>\n<\/ul>\n","protected":false},"excerpt":{"rendered":"<p>Elektrotechnische Planung, Bestimmen von Querschnitten, Schaltanlagen, Verteilungen. Programmierung (Siemens, Beckhoff, Codesys, Visual-Studio,mit ProfiNet, Profibus, CAN, IoT, usw.) Elektroschaltpl\u00e4ne, erstellt mit ePlan8 Verlegen und Installieren. Kabelrinnen, Kabelpritschen, Steigtrassen, Rohrsysteme, Kabelkan\u00e4le aller Art, Schleppkabelsysteme. Kabel-Querschnitte bis 500 qmm Niederspannungs- Verteilungen bis 4000A Datenleitungen, LWL-Systeme. Verlegen, Splei\u00dfen und Messen mit eigenen Ger\u00e4ten- Telekom-Zertifiziert. K\u00e4ltesysteme \u2013 Klimaanlagen (Zertifiziert und  [&#8230;]<\/p>\n","protected":false},"author":1,"featured_media":0,"parent":0,"menu_order":0,"comment_status":"closed","ping_status":"closed","template":"","meta":{"footnotes":""},"class_list":["post-148","page","type-page","status-publish","hentry"],"yoast_head":"<!-- This site is optimized with the Yoast SEO Premium plugin v24.3 (Yoast SEO v27.5) - https:\/\/yoast.com\/product\/yoast-seo-premium-wordpress\/ -->\n<title>weitere Dienstleistungen * Elektrotechnik Weber + Horbach GmbH<\/title>\n<meta name=\"robots\" content=\"index, follow, max-snippet:-1, max-image-preview:large, max-video-preview:-1\" \/>\n<link rel=\"canonical\" href=\"https:\/\/www.weber-horbach.de\/?page_id=148\" \/>\n<meta property=\"og:locale\" content=\"de_DE\" \/>\n<meta property=\"og:type\" content=\"article\" \/>\n<meta property=\"og:title\" content=\"weitere Dienstleistungen\" \/>\n<meta property=\"og:description\" content=\"Elektrotechnische Planung, Bestimmen von Querschnitten, Schaltanlagen, Verteilungen. Programmierung (Siemens, Beckhoff, Codesys, Visual-Studio,mit ProfiNet, Profibus, CAN, IoT, usw.) Elektroschaltpl\u00e4ne, erstellt mit ePlan8 Verlegen und Installieren. Kabelrinnen, Kabelpritschen, Steigtrassen, Rohrsysteme, Kabelkan\u00e4le aller Art, Schleppkabelsysteme. Kabel-Querschnitte bis 500 qmm Niederspannungs- Verteilungen bis 4000A Datenleitungen, LWL-Systeme. Verlegen, Splei\u00dfen und Messen mit eigenen Ger\u00e4ten- Telekom-Zertifiziert. K\u00e4ltesysteme \u2013 Klimaanlagen (Zertifiziert und [...]\" \/>\n<meta property=\"og:url\" content=\"https:\/\/www.weber-horbach.de\/?page_id=148\" \/>\n<meta property=\"og:site_name\" content=\"Elektrotechnik Weber + Horbach GmbH\" \/>\n<meta property=\"article:publisher\" content=\"https:\/\/www.facebook.com\/weberhorbach\" \/>\n<meta property=\"article:modified_time\" content=\"2024-07-10T12:19:00+00:00\" \/>\n<meta name=\"twitter:card\" content=\"summary_large_image\" \/>\n<meta name=\"twitter:label1\" content=\"Gesch\u00e4tzte Lesezeit\" \/>\n\t<meta name=\"twitter:data1\" content=\"1\u00a0Minute\" \/>\n<script type=\"application\/ld+json\" class=\"yoast-schema-graph\">{\"@context\":\"https:\\\/\\\/schema.org\",\"@graph\":[{\"@type\":\"WebPage\",\"@id\":\"https:\\\/\\\/www.weber-horbach.de\\\/?page_id=148\",\"url\":\"https:\\\/\\\/www.weber-horbach.de\\\/?page_id=148\",\"name\":\"weitere Dienstleistungen * Elektrotechnik Weber + Horbach GmbH\",\"isPartOf\":{\"@id\":\"https:\\\/\\\/www.weber-horbach.de\\\/#website\"},\"datePublished\":\"2018-05-13T12:53:48+00:00\",\"dateModified\":\"2024-07-10T12:19:00+00:00\",\"breadcrumb\":{\"@id\":\"https:\\\/\\\/www.weber-horbach.de\\\/?page_id=148#breadcrumb\"},\"inLanguage\":\"de\",\"potentialAction\":[{\"@type\":\"ReadAction\",\"target\":[\"https:\\\/\\\/www.weber-horbach.de\\\/?page_id=148\"]}]},{\"@type\":\"BreadcrumbList\",\"@id\":\"https:\\\/\\\/www.weber-horbach.de\\\/?page_id=148#breadcrumb\",\"itemListElement\":[{\"@type\":\"ListItem\",\"position\":1,\"name\":\"Startseite\",\"item\":\"https:\\\/\\\/www.weber-horbach.de\\\/\"},{\"@type\":\"ListItem\",\"position\":2,\"name\":\"weitere Dienstleistungen\"}]},{\"@type\":\"WebSite\",\"@id\":\"https:\\\/\\\/www.weber-horbach.de\\\/#website\",\"url\":\"https:\\\/\\\/www.weber-horbach.de\\\/\",\"name\":\"Weber + Horbach GmbH\",\"description\":\"Strom in Bestform\",\"publisher\":{\"@id\":\"https:\\\/\\\/www.weber-horbach.de\\\/#organization\"},\"potentialAction\":[{\"@type\":\"SearchAction\",\"target\":{\"@type\":\"EntryPoint\",\"urlTemplate\":\"https:\\\/\\\/www.weber-horbach.de\\\/?s={search_term_string}\"},\"query-input\":{\"@type\":\"PropertyValueSpecification\",\"valueRequired\":true,\"valueName\":\"search_term_string\"}}],\"inLanguage\":\"de\"},{\"@type\":\"Organization\",\"@id\":\"https:\\\/\\\/www.weber-horbach.de\\\/#organization\",\"name\":\"Elektrotechnik Weber + Horbach GmbH\",\"url\":\"https:\\\/\\\/www.weber-horbach.de\\\/\",\"logo\":{\"@type\":\"ImageObject\",\"inLanguage\":\"de\",\"@id\":\"https:\\\/\\\/www.weber-horbach.de\\\/#\\\/schema\\\/logo\\\/image\\\/\",\"url\":\"https:\\\/\\\/www.weber-horbach.de\\\/wp-content\\\/uploads\\\/2018\\\/05\\\/WHLogo2018.jpg\",\"contentUrl\":\"https:\\\/\\\/www.weber-horbach.de\\\/wp-content\\\/uploads\\\/2018\\\/05\\\/WHLogo2018.jpg\",\"width\":618,\"height\":616,\"caption\":\"Elektrotechnik Weber + Horbach GmbH\"},\"image\":{\"@id\":\"https:\\\/\\\/www.weber-horbach.de\\\/#\\\/schema\\\/logo\\\/image\\\/\"},\"sameAs\":[\"https:\\\/\\\/www.facebook.com\\\/weberhorbach\"]}]}<\/script>\n<!-- \/ Yoast SEO Premium plugin. -->","yoast_head_json":{"title":"weitere Dienstleistungen * Elektrotechnik Weber + Horbach GmbH","robots":{"index":"index","follow":"follow","max-snippet":"max-snippet:-1","max-image-preview":"max-image-preview:large","max-video-preview":"max-video-preview:-1"},"canonical":"https:\/\/www.weber-horbach.de\/?page_id=148","og_locale":"de_DE","og_type":"article","og_title":"weitere Dienstleistungen","og_description":"Elektrotechnische Planung, Bestimmen von Querschnitten, Schaltanlagen, Verteilungen. Programmierung (Siemens, Beckhoff, Codesys, Visual-Studio,mit ProfiNet, Profibus, CAN, IoT, usw.) Elektroschaltpl\u00e4ne, erstellt mit ePlan8 Verlegen und Installieren. Kabelrinnen, Kabelpritschen, Steigtrassen, Rohrsysteme, Kabelkan\u00e4le aller Art, Schleppkabelsysteme. Kabel-Querschnitte bis 500 qmm Niederspannungs- Verteilungen bis 4000A Datenleitungen, LWL-Systeme. Verlegen, Splei\u00dfen und Messen mit eigenen Ger\u00e4ten- Telekom-Zertifiziert. K\u00e4ltesysteme \u2013 Klimaanlagen (Zertifiziert und [...]","og_url":"https:\/\/www.weber-horbach.de\/?page_id=148","og_site_name":"Elektrotechnik Weber + Horbach GmbH","article_publisher":"https:\/\/www.facebook.com\/weberhorbach","article_modified_time":"2024-07-10T12:19:00+00:00","twitter_card":"summary_large_image","twitter_misc":{"Gesch\u00e4tzte Lesezeit":"1\u00a0Minute"},"schema":{"@context":"https:\/\/schema.org","@graph":[{"@type":"WebPage","@id":"https:\/\/www.weber-horbach.de\/?page_id=148","url":"https:\/\/www.weber-horbach.de\/?page_id=148","name":"weitere Dienstleistungen * Elektrotechnik Weber + Horbach GmbH","isPartOf":{"@id":"https:\/\/www.weber-horbach.de\/#website"},"datePublished":"2018-05-13T12:53:48+00:00","dateModified":"2024-07-10T12:19:00+00:00","breadcrumb":{"@id":"https:\/\/www.weber-horbach.de\/?page_id=148#breadcrumb"},"inLanguage":"de","potentialAction":[{"@type":"ReadAction","target":["https:\/\/www.weber-horbach.de\/?page_id=148"]}]},{"@type":"BreadcrumbList","@id":"https:\/\/www.weber-horbach.de\/?page_id=148#breadcrumb","itemListElement":[{"@type":"ListItem","position":1,"name":"Startseite","item":"https:\/\/www.weber-horbach.de\/"},{"@type":"ListItem","position":2,"name":"weitere Dienstleistungen"}]},{"@type":"WebSite","@id":"https:\/\/www.weber-horbach.de\/#website","url":"https:\/\/www.weber-horbach.de\/","name":"Weber + Horbach GmbH","description":"Strom in Bestform","publisher":{"@id":"https:\/\/www.weber-horbach.de\/#organization"},"potentialAction":[{"@type":"SearchAction","target":{"@type":"EntryPoint","urlTemplate":"https:\/\/www.weber-horbach.de\/?s={search_term_string}"},"query-input":{"@type":"PropertyValueSpecification","valueRequired":true,"valueName":"search_term_string"}}],"inLanguage":"de"},{"@type":"Organization","@id":"https:\/\/www.weber-horbach.de\/#organization","name":"Elektrotechnik Weber + Horbach GmbH","url":"https:\/\/www.weber-horbach.de\/","logo":{"@type":"ImageObject","inLanguage":"de","@id":"https:\/\/www.weber-horbach.de\/#\/schema\/logo\/image\/","url":"https:\/\/www.weber-horbach.de\/wp-content\/uploads\/2018\/05\/WHLogo2018.jpg","contentUrl":"https:\/\/www.weber-horbach.de\/wp-content\/uploads\/2018\/05\/WHLogo2018.jpg","width":618,"height":616,"caption":"Elektrotechnik Weber + Horbach GmbH"},"image":{"@id":"https:\/\/www.weber-horbach.de\/#\/schema\/logo\/image\/"},"sameAs":["https:\/\/www.facebook.com\/weberhorbach"]}]}},"jetpack_sharing_enabled":true,"_links":{"self":[{"href":"https:\/\/www.weber-horbach.de\/index.php?rest_route=\/wp\/v2\/pages\/148","targetHints":{"allow":["GET"]}}],"collection":[{"href":"https:\/\/www.weber-horbach.de\/index.php?rest_route=\/wp\/v2\/pages"}],"about":[{"href":"https:\/\/www.weber-horbach.de\/index.php?rest_route=\/wp\/v2\/types\/page"}],"author":[{"embeddable":true,"href":"https:\/\/www.weber-horbach.de\/index.php?rest_route=\/wp\/v2\/users\/1"}],"replies":[{"embeddable":true,"href":"https:\/\/www.weber-horbach.de\/index.php?rest_route=%2Fwp%2Fv2%2Fcomments&post=148"}],"version-history":[{"count":11,"href":"https:\/\/www.weber-horbach.de\/index.php?rest_route=\/wp\/v2\/pages\/148\/revisions"}],"predecessor-version":[{"id":393,"href":"https:\/\/www.weber-horbach.de\/index.php?rest_route=\/wp\/v2\/pages\/148\/revisions\/393"}],"wp:attachment":[{"href":"https:\/\/www.weber-horbach.de\/index.php?rest_route=%2Fwp%2Fv2%2Fmedia&parent=148"}],"curies":[{"name":"wp","href":"https:\/\/api.w.org\/{rel}","templated":true}]}}